{"id":1239,"date":"2021-03-08T22:58:50","date_gmt":"2021-03-08T22:58:50","guid":{"rendered":"https:\/\/mypaperghosts.com\/?page_id=1239"},"modified":"2021-09-12T18:02:34","modified_gmt":"2021-09-12T18:02:34","slug":"miscellany","status":"publish","type":"page","link":"https:\/\/paperghosts.net\/pt\/miscellany\/","title":{"rendered":"Miscel\u00e2nea"},"content":{"rendered":"<div class=\"wpb-content-wrapper\"><div data-vc-parallax=\"1.5\" data-vc-parallax-image=\"https:\/\/paperghosts.net\/wp-content\/uploads\/2020\/11\/FantasmasBG2r.jpg\" class=\"vc_row wpb_row vc_row-fluid parallax-short-header vc_general vc_parallax vc_parallax-content-moving wpex-vc-full-width-row wpex-vc-full-width-row--centered wpex-relative wpex-vc_row-has-fill wpex-vc-reset-negative-margin\"><div class=\"wpb_column vc_column_container vc_col-sm-12\"><div class=\"vc_column-inner\"><div class=\"wpb_wrapper\">\n\t<div class=\"wpb_text_column wpb_content_element\" >\n\t\t<div class=\"wpb_wrapper\">\n\t\t\t<p style=\"text-align: center;\">Custom title header &#8211; Parallax short version, full color<\/p>\n\n\t\t<\/div>\n\t<\/div>\n<\/div><\/div><\/div><\/div><div class=\"vc_row wpb_row vc_row-fluid parallax-short-header-title-below miscellany-header wpex-relative\"><div class=\"wpb_column vc_column_container vc_col-sm-12\"><div class=\"vc_column-inner\"><div class=\"wpb_wrapper\">\n\t<div class=\"wpb_text_column wpb_content_element custom-page-header\" >\n\t\t<div class=\"wpb_wrapper\">\n\t\t\t<h1>Miscel\u00e2nea<\/h1>\n<p class=\"page-subheading\">O nosso pequeno universo de instant\u00e2neos e outros restos, e o que eles despertam em n\u00f3s<\/p>\n\n\t\t<\/div>\n\t<\/div>\n<\/div><\/div><\/div><\/div><div data-vc-parallax=\"1.5\" data-vc-parallax-image=\"https:\/\/paperghosts.net\/wp-content\/uploads\/2021\/05\/Portugal-3081200-scaled.jpg\" class=\"vc_row wpb_row vc_row-fluid miscellany-top-row parallax-large-header vc_row-o-equal-height vc_row-o-content-middle vc_row-flex vc_general vc_parallax vc_parallax-content-moving wpex-vc-full-width-row wpex-vc-full-width-row--centered wpex-relative wpex-vc_row-has-fill wpex-vc-reset-negative-margin wpex-has-overlay wpex-has-overlay--6a04e1d8b8eaa\"><div class=\"wpex-bg-overlay-wrap wpex-absolute wpex-inset-0 wpex-rounded-inherit\"><style class=\"wpex-bg-overlay-css\">.wpex-has-overlay--6a04e1d8b8eaa > .wpex-bg-overlay-wrap .wpex-bg-overlay{background-color:#ffffff;opacity:0.9;}<\/style><span class=\"wpex-bg-overlay color wpex-absolute wpex-inset-0 wpex-rounded-inherit wpex-duration-500 wpex-opacity-60 wpex-bg-black\"><\/span><\/div><div class=\"wpb_column vc_column_container vc_col-sm-6\"><div class=\"vc_column-inner\"><div class=\"wpb_wrapper\">\n\t<div class=\"wpb_text_column wpb_content_element\" >\n\t\t<div class=\"wpb_wrapper\">\n\t\t\t<h1>Hist\u00f3ria em Destaque<\/h1>\n<h3>Era uma Vez um Rapaz<\/h3>\n<p>Reflex\u00f5es sobre a cria\u00e7\u00e3o de um filho, ou n\u00e3o.<\/p>\n\n\t\t<\/div>\n\t<\/div>\n<a href=\"https:\/\/mypaperghosts.com\/about-a-boy\/\" class=\"vcex-button theme-button inline\" rel=\"noopener\"><span class=\"vcex-button-inner theme-button-inner wpex-flex wpex-flex-wrap wpex-items-center wpex-justify-center\">(\u261e \u0361\u00b0 \u035c\u0296 \u0361\u00b0)\u261e LER<\/span><\/a> <\/div><\/div><\/div><div class=\"wpb_column text-column vc_column_container vc_col-sm-6\"><div class=\"vc_column-inner\"><div class=\"wpb_wrapper\">\n\t<div  class=\"wpb_single_image wpb_content_element vc_align_center wpb_content_element\">\n\t\t\n\t\t<figure class=\"wpb_wrapper vc_figure\">\n\t\t\t<div class=\"vc_single_image-wrapper   vc_box_border_grey\"><img width=\"1800\" height=\"1779\" src=\"https:\/\/paperghosts.net\/wp-content\/uploads\/2021\/05\/Portugal-3081200-scaled.jpg\" class=\"vc_single_image-img attachment-full\" alt=\"Nuno and Papa in the Castle Garden, Somewhere in Portugal, circa 1930&#039;s\" title=\"\" srcset=\"https:\/\/paperghosts.net\/wp-content\/uploads\/2021\/05\/Portugal-3081200-scaled.jpg 1800w, https:\/\/paperghosts.net\/wp-content\/uploads\/2021\/05\/Portugal-3081200-300x296.jpg 300w, https:\/\/paperghosts.net\/wp-content\/uploads\/2021\/05\/Portugal-3081200-1024x1012.jpg 1024w, https:\/\/paperghosts.net\/wp-content\/uploads\/2021\/05\/Portugal-3081200-768x759.jpg 768w, https:\/\/paperghosts.net\/wp-content\/uploads\/2021\/05\/Portugal-3081200-1536x1518.jpg 1536w, https:\/\/paperghosts.net\/wp-content\/uploads\/2021\/05\/Portugal-3081200-2048x2024.jpg 2048w, https:\/\/paperghosts.net\/wp-content\/uploads\/2021\/05\/Portugal-3081200-12x12.jpg 12w, https:\/\/paperghosts.net\/wp-content\/uploads\/2021\/05\/Portugal-3081200-500x494.jpg 500w\" sizes=\"(max-width: 1800px) 100vw, 1800px\" \/><\/div>\n\t\t<\/figure>\n\t<\/div>\n<\/div><\/div><\/div><\/div><div class=\"vc_row wpb_row vc_row-fluid miscellany-boxes first vc_row-o-equal-height vc_row-o-content-middle vc_row-flex wpex-relative\"><div class=\"wpb_column c1 vc_column_container vc_col-sm-6 wpex-vc_col-has-fill\"><div class=\"vc_column-inner vc_custom_1617193958557\"><div class=\"wpb_wrapper\">\n\t<div class=\"wpb_text_column wpb_content_element\" >\n\t\t<div class=\"wpb_wrapper\">\n\t\t\t<h3 style=\"text-align: center;\"><a href=\"\/pt\/stories\/\">Hist\u00f3rias<br \/>\nInstant\u00e2neas<\/a><\/h3>\n\n\t\t<\/div>\n\t<\/div>\n<\/div><\/div><\/div><div class=\"wpb_column vc_column_container vc_col-sm-6 wpex-vc_col-has-fill\"><div class=\"vc_column-inner vc_custom_1617197059796\"><div class=\"wpb_wrapper\">\n\t<div class=\"wpb_text_column wpb_content_element\" >\n\t\t<div class=\"wpb_wrapper\">\n\t\t\t<h3 style=\"text-align: center;\"><a href=\"\/pt\/musings\/\"><br \/>\nPensamentos<\/a><\/h3>\n\n\t\t<\/div>\n\t<\/div>\n<\/div><\/div><\/div><\/div><div class=\"vc_row wpb_row vc_row-fluid miscellany-boxes vc_row-o-equal-height vc_row-o-content-middle vc_row-flex wpex-relative\"><div class=\"wpb_column c1 vc_column_container vc_col-sm-6 wpex-vc_col-has-fill\"><div class=\"vc_column-inner vc_custom_1617255696380\"><div class=\"wpb_wrapper\">\n\t<div class=\"wpb_text_column wpb_content_element\" >\n\t\t<div class=\"wpb_wrapper\">\n\t\t\t<h3 style=\"text-align: center;\"><a href=\"\/pt\/album-tales\/\">F\u00e1bulas de \u00e1lbuns<\/a><\/h3>\n\n\t\t<\/div>\n\t<\/div>\n<\/div><\/div><\/div><div class=\"wpb_column vc_column_container vc_col-sm-6 wpex-vc_col-has-fill\"><div class=\"vc_column-inner vc_custom_1617197067001\"><div class=\"wpb_wrapper\">\n\t<div class=\"wpb_text_column wpb_content_element coming-soon-text-block one-line\" >\n\t\t<div class=\"wpb_wrapper\">\n\t\t\t<h3 style=\"text-align: center;\"><a href=\"#\">Loja <span class=\"coming-soon\">Brevemente!<\/span><\/a><\/h3>\n\n\t\t<\/div>\n\t<\/div>\n<\/div><\/div><\/div><\/div><div class=\"vc_row wpb_row vc_row-fluid miscellany-boxes vc_row-o-equal-height vc_row-o-content-middle vc_row-flex wpex-relative\"><div class=\"wpb_column c1 vc_column_container vc_col-sm-6 wpex-vc_col-has-fill\"><div class=\"vc_column-inner vc_custom_1617193905575\"><div class=\"wpb_wrapper\">\n\t<div class=\"wpb_text_column wpb_content_element\" >\n\t\t<div class=\"wpb_wrapper\">\n\t\t\t<h3 style=\"text-align: center;\"><a href=\"\/pt\/links-we-love\/\">Liga\u00e7\u00f5es<br \/>\nQue Adoramos<\/a><\/h3>\n\n\t\t<\/div>\n\t<\/div>\n<\/div><\/div><\/div><div class=\"wpb_column vc_column_container vc_col-sm-6 wpex-vc_col-has-fill\"><div class=\"vc_column-inner vc_custom_1617199520448\"><div class=\"wpb_wrapper\">\n\t<div class=\"wpb_text_column wpb_content_element\" >\n\t\t<div class=\"wpb_wrapper\">\n\t\t\t<h3 style=\"text-align: center;\"><a href=\"\/pt\/archive\/\">Arquivo<\/a><\/h3>\n\n\t\t<\/div>\n\t<\/div>\n<\/div><\/div><\/div><\/div>\n<\/div>","protected":false},"excerpt":{"rendered":"Custom title header - Parallax short version, full color Miscellany Our little universe of found snapshots and other scraps, and what they stir up in us Featured About a Boy Reflections on raising a son, or not. (\u261e \u0361\u00b0 \u035c\u0296 \u0361\u00b0)\u261e READ! Snapshot Stories Musings Album Tales Shop Coming Soon Links We Love Archive","protected":false},"author":3,"featured_media":0,"parent":0,"menu_order":0,"comment_status":"closed","ping_status":"closed","template":"","meta":{"nf_dc_page":"","footnotes":""},"class_list":["post-1239","page","type-page","status-publish","hentry","entry","no-media"],"_links":{"self":[{"href":"https:\/\/paperghosts.net\/pt\/wp-json\/wp\/v2\/pages\/1239","targetHints":{"allow":["GET"]}}],"collection":[{"href":"https:\/\/paperghosts.net\/pt\/wp-json\/wp\/v2\/pages"}],"about":[{"href":"https:\/\/paperghosts.net\/pt\/wp-json\/wp\/v2\/types\/page"}],"author":[{"embeddable":true,"href":"https:\/\/paperghosts.net\/pt\/wp-json\/wp\/v2\/users\/3"}],"replies":[{"embeddable":true,"href":"https:\/\/paperghosts.net\/pt\/wp-json\/wp\/v2\/comments?post=1239"}],"version-history":[{"count":98,"href":"https:\/\/paperghosts.net\/pt\/wp-json\/wp\/v2\/pages\/1239\/revisions"}],"predecessor-version":[{"id":2002,"href":"https:\/\/paperghosts.net\/pt\/wp-json\/wp\/v2\/pages\/1239\/revisions\/2002"}],"wp:attachment":[{"href":"https:\/\/paperghosts.net\/pt\/wp-json\/wp\/v2\/media?parent=1239"}],"curies":[{"name":"wp","href":"https:\/\/api.w.org\/{rel}","templated":true}]}}