{"id":1316,"date":"2021-03-15T20:48:54","date_gmt":"2021-03-15T20:48:54","guid":{"rendered":"https:\/\/mypaperghosts.com\/?page_id=1316"},"modified":"2021-09-12T18:02:34","modified_gmt":"2021-09-12T18:02:34","slug":"links-we-love","status":"publish","type":"page","link":"https:\/\/paperghosts.net\/pt\/links-we-love\/","title":{"rendered":"Liga\u00e7\u00f5es que Adoramos"},"content":{"rendered":"<div class=\"wpb-content-wrapper\"><div data-vc-parallax=\"1.5\" data-vc-parallax-image=\"https:\/\/paperghosts.net\/wp-content\/uploads\/2020\/11\/FantasmasBG2r.jpg\" class=\"vc_row wpb_row vc_row-fluid parallax-short-header vc_general vc_parallax vc_parallax-content-moving wpex-vc-full-width-row wpex-vc-full-width-row--centered wpex-relative wpex-vc_row-has-fill wpex-vc-reset-negative-margin\"><div class=\"wpb_column vc_column_container vc_col-sm-12\"><div class=\"vc_column-inner\"><div class=\"wpb_wrapper\">\n\t<div class=\"wpb_text_column wpb_content_element\" >\n\t\t<div class=\"wpb_wrapper\">\n\t\t\t<p style=\"text-align: center;\">Custom title header &#8211; Parallax short version, full color<\/p>\n\n\t\t<\/div>\n\t<\/div>\n<\/div><\/div><\/div><\/div><div class=\"vc_row wpb_row vc_row-fluid parallax-short-header-title-below wpex-relative\"><div class=\"wpb_column vc_column_container vc_col-sm-12\"><div class=\"vc_column-inner\"><div class=\"wpb_wrapper\">\n\t<div class=\"wpb_text_column wpb_content_element custom-page-header\" >\n\t\t<div class=\"wpb_wrapper\">\n\t\t\t<h1>Liga\u00e7\u00f5es que Adoramos<\/h1>\n<p class=\"page-subheading\">Somos grandes f\u00e3s destes necr\u00f3fagos fotogr\u00e1ficos, coleccionadores de doces oculares e drogados ef\u00e9meros<\/p>\n\n\t\t<\/div>\n\t<\/div>\n<\/div><\/div><\/div><\/div><div class=\"vc_row wpb_row vc_row-fluid links-we-love-row wpex-relative\"><div class=\"wpb_column vc_column_container vc_col-sm-12\"><div class=\"vc_column-inner\"><div class=\"wpb_wrapper\">\n\t<div class=\"wpb_text_column wpb_content_element\" >\n\t\t<div class=\"wpb_wrapper\">\n\t\t\t<p><strong><a href=\"https:\/\/fortepan.hu\/\" target=\"_blank\" rel=\"noopener\">https:\/\/fortepan.hu\/<\/a><\/strong><\/p>\n<p>O humongo tesouro da comunidade online de Fortepan de fotografias de vindimas h\u00fangaras \u00e9 um dos nossos principais favoritos. Iniciado em 2010 com cinco mil fotografias encontradas em caixotes do lixo, t\u00eam agora mais de 140.000 fotografias em linha, gr\u00e1tis para descarregar e utilizar como desejar, bem como artigos semanais baseados em fotografias e um f\u00f3rum para discuss\u00f5es sobre fotografias individuais. (Para traduzir o s\u00edtio para ingl\u00eas, copiar e colar o endere\u00e7o web no Google Translate e depois clicar na vers\u00e3o traduzida).<\/p>\n\n\t\t<\/div>\n\t<\/div>\n\n\t<div class=\"wpb_text_column wpb_content_element\" >\n\t\t<div class=\"wpb_wrapper\">\n\t\t\t<p><strong><a href=\"https:\/\/www.instagram.com\/billyparrott\/\" target=\"_blank\" rel=\"noopener\">https:\/\/www.instagram.com\/billyparrott\/<\/a><\/strong><\/p>\n<p>To try and describe Billy Parrott&#8217;s snapshot collection makes us quiver with admiration, awe and willing defeat. The Associate Director of Mid-Manhattan New York Public Library and the former Managing Librarian of the <a href=\"https:\/\/digitalcollections.nypl.org\/collections\/wallach-division-picture-collection#\/?tab=navigation\" rel=\"noopener\">Picture Collection<\/a>, Parrott&#8217;s pickings are like Lotharios, never failing to induce an eye-swoon.<\/p>\n\n\t\t<\/div>\n\t<\/div>\n\n\t<div class=\"wpb_text_column wpb_content_element\" >\n\t\t<div class=\"wpb_wrapper\">\n\t\t\t<p><strong><a href=\"http:\/\/imperfekt.photography\/\" target=\"_blank\" rel=\"noopener\">http:\/\/imperfekt.photography\/<\/a><\/strong><\/p>\n<p>O website do coleccionador alem\u00e3o Jochen Raiss apresenta uma s\u00e9rie de colec\u00e7\u00f5es tem\u00e1ticas, uma das quais foi publicada em forma de livro como <em>Mulheres nas \u00c1rvores<\/em>. Tamb\u00e9m de notar: pessoas a posar com ursos polares, e um bando de \"beldades adormecidas\".<\/p>\n\n\t\t<\/div>\n\t<\/div>\n\n\t<div class=\"wpb_text_column wpb_content_element\" >\n\t\t<div class=\"wpb_wrapper\">\n\t\t\t<p><strong><a href=\"https:\/\/www.instagram.com\/baileighfaucz\/\" target=\"_blank\" rel=\"noopener\">https:\/\/www.instagram.com\/baileighfaucz\/<\/a><\/strong><\/p>\n<p>Baileigh Faucz Hermann hails from Colorado. Her collection of vintage RPPC (real photo postcards) feature sepia-soaked scenes of swaggering cattle-rustlers and chain-gang railroad workers, take-no-shit women wielding shotguns, and frontier-weary pioneer lasses trying not to lose it. There&#8217;s lots of taxidermy, fish that didn&#8217;t get away, starched aprons and petticoat peeks, navy ships stocked with restless sailors, gritty army camps, tattered stars and stripes, a few flying machines and&#8211;did I say guns already?&#8211; lots of guns. Images of the American West, under assault by change.<\/p>\n\n\t\t<\/div>\n\t<\/div>\n\n\t<div class=\"wpb_text_column wpb_content_element\" >\n\t\t<div class=\"wpb_wrapper\">\n\t\t\t<p><strong><a href=\"https:\/\/www.instagram.com\/kevin.the.photobug\/\" target=\"_blank\" rel=\"noopener\">https:\/\/www.instagram.com\/kevin.the.photobug\/<\/a><\/strong><\/p>\n<p>Muitos dos instant\u00e2neos de Kevin \"the Photo Bug\" Abell fotografam pessoas em movimento - cortando madeira, saltando para lagos, andando em cercas, posando em togas e dan\u00e7ando em pontos de polca, vestindo e despindo, beijando e apalpando - tudo de alguma forma elegante na sua cin\u00e9tica, estranha falta de pretens\u00e3o, capturado e agora partilhado.<\/p>\n\n\t\t<\/div>\n\t<\/div>\n<\/div><\/div><\/div><\/div>\n<\/div>","protected":false},"excerpt":{"rendered":"Custom title header - Parallax short version, full color Links We Love We're big fans of these snapshot scroungers, eye-candy curators and ephemera junkies https:\/\/fortepan.hu\/ Fortepan's humongous online community trove of Hungarian vintage photos is one of our top favorites. Started in 2010 with five thousand photos found in trash cans, they now have more&hellip;","protected":false},"author":3,"featured_media":0,"parent":0,"menu_order":0,"comment_status":"closed","ping_status":"closed","template":"","meta":{"nf_dc_page":"","footnotes":""},"class_list":["post-1316","page","type-page","status-publish","hentry","entry","no-media"],"_links":{"self":[{"href":"https:\/\/paperghosts.net\/pt\/wp-json\/wp\/v2\/pages\/1316","targetHints":{"allow":["GET"]}}],"collection":[{"href":"https:\/\/paperghosts.net\/pt\/wp-json\/wp\/v2\/pages"}],"about":[{"href":"https:\/\/paperghosts.net\/pt\/wp-json\/wp\/v2\/types\/page"}],"author":[{"embeddable":true,"href":"https:\/\/paperghosts.net\/pt\/wp-json\/wp\/v2\/users\/3"}],"replies":[{"embeddable":true,"href":"https:\/\/paperghosts.net\/pt\/wp-json\/wp\/v2\/comments?post=1316"}],"version-history":[{"count":16,"href":"https:\/\/paperghosts.net\/pt\/wp-json\/wp\/v2\/pages\/1316\/revisions"}],"predecessor-version":[{"id":1614,"href":"https:\/\/paperghosts.net\/pt\/wp-json\/wp\/v2\/pages\/1316\/revisions\/1614"}],"wp:attachment":[{"href":"https:\/\/paperghosts.net\/pt\/wp-json\/wp\/v2\/media?parent=1316"}],"curies":[{"name":"wp","href":"https:\/\/api.w.org\/{rel}","templated":true}]}}