{"id":446,"date":"2020-08-16T20:41:31","date_gmt":"2020-08-16T20:41:31","guid":{"rendered":"https:\/\/mypaperghosts.com\/?page_id=17"},"modified":"2021-09-12T18:02:32","modified_gmt":"2021-09-12T18:02:32","slug":"about","status":"publish","type":"page","link":"https:\/\/paperghosts.net\/pt\/about\/","title":{"rendered":"Sobre"},"content":{"rendered":"<div class=\"wpb-content-wrapper\"><div data-vc-parallax=\"1.5\" data-vc-parallax-image=\"https:\/\/paperghosts.net\/wp-content\/uploads\/2020\/12\/about-header.jpg\" class=\"vc_row wpb_row vc_row-fluid parallax-short-header vc_general vc_parallax vc_parallax-content-moving wpex-vc-full-width-row wpex-vc-full-width-row--centered wpex-relative wpex-vc_row-has-fill wpex-vc-reset-negative-margin\"><div class=\"wpb_column vc_column_container vc_col-sm-12\"><div class=\"vc_column-inner\"><div class=\"wpb_wrapper\">\n\t<div class=\"wpb_text_column wpb_content_element\" >\n\t\t<div class=\"wpb_wrapper\">\n\t\t\t<p style=\"text-align: center;\">Custom title header &#8211; Parallax short version, full color<\/p>\n\n\t\t<\/div>\n\t<\/div>\n<\/div><\/div><\/div><\/div><div class=\"vc_row wpb_row vc_row-fluid parallax-short-header-title-below wpex-relative\"><div class=\"wpb_column vc_column_container vc_col-sm-12\"><div class=\"vc_column-inner\"><div class=\"wpb_wrapper\">\n\t<div class=\"wpb_text_column wpb_content_element custom-page-header\" >\n\t\t<div class=\"wpb_wrapper\">\n\t\t\t<h1>Sobre<\/h1>\n\n\t\t<\/div>\n\t<\/div>\n<\/div><\/div><\/div><\/div><div class=\"vc_row wpb_row vc_row-fluid about-quote vc_row-o-content-middle vc_row-flex wpex-relative wpex-vc-has-custom-column-spacing wpex-vc-column-spacing-50\"><div class=\"wpb_column vc_column_container vc_col-sm-4\"><div class=\"vc_column-inner\"><div class=\"wpb_wrapper\">\n\t<div  class=\"wpb_single_image wpb_content_element vc_align_ wpb_content_element\">\n\t\t\n\t\t<figure class=\"wpb_wrapper vc_figure\">\n\t\t\t<div class=\"vc_single_image-wrapper   vc_box_border_grey\"><img width=\"2000\" height=\"1328\" src=\"https:\/\/paperghosts.net\/wp-content\/uploads\/2020\/11\/FantasmasHand.jpg\" class=\"vc_single_image-img attachment-full\" alt=\"\" title=\"FantasmasHand\" srcset=\"https:\/\/paperghosts.net\/wp-content\/uploads\/2020\/11\/FantasmasHand.jpg 2000w, https:\/\/paperghosts.net\/wp-content\/uploads\/2020\/11\/FantasmasHand-300x199.jpg 300w, https:\/\/paperghosts.net\/wp-content\/uploads\/2020\/11\/FantasmasHand-768x510.jpg 768w, https:\/\/paperghosts.net\/wp-content\/uploads\/2020\/11\/FantasmasHand-1024x680.jpg 1024w, https:\/\/paperghosts.net\/wp-content\/uploads\/2020\/11\/FantasmasHand-1536x1020.jpg 1536w, https:\/\/paperghosts.net\/wp-content\/uploads\/2020\/11\/FantasmasHand-16x12.jpg 16w, https:\/\/paperghosts.net\/wp-content\/uploads\/2020\/11\/FantasmasHand-500x332.jpg 500w\" sizes=\"(max-width: 2000px) 100vw, 2000px\" \/><\/div>\n\t\t<\/figure>\n\t<\/div>\n<\/div><\/div><\/div><div class=\"wpb_column vc_column_container vc_col-sm-8\"><div class=\"vc_column-inner\"><div class=\"wpb_wrapper\">\n\t<div class=\"wpb_text_column wpb_content_element\" >\n\t\t<div class=\"wpb_wrapper\">\n\t\t\t<p><em>Que o mundo familiar \u00e9 frequentemente insatisfat\u00f3rio n\u00e3o pode ser negado, mas n\u00e3o \u00e9 por isso que deve ser abandonado. N\u00e3o devemos nem ser levados por ele \u00e0 fuga, nem por ele for\u00e7ados ao mutismo... Por pior que seja, o mundo est\u00e1 potencialmente cheio de boas fotografias. Mas, para serem boas, as fotografias t\u00eam que estar cheias do mundo.<\/em><\/p>\n<p>\u2014 Dorothea Lange<\/p>\n\n\t\t<\/div>\n\t<\/div>\n<\/div><\/div><\/div><\/div><div class=\"vc_row wpb_row vc_row-fluid about-intro about-intro-1 vc_row-o-equal-height vc_row-o-content-middle vc_row-flex wpex-relative wpex-vc-has-custom-column-spacing wpex-vc-column-spacing-50\" data-ls_id=\"#about\" tabindex=\"-1\"><div class=\"wpb_column vc_column_container vc_col-sm-8\"><div class=\"vc_column-inner\"><div class=\"wpb_wrapper\">\n\t<div class=\"wpb_text_column wpb_content_element\" >\n\t\t<div class=\"wpb_wrapper\">\n\t\t\t<p>Fantasmas de Papel, tamb\u00e9m conhecido por Paper Ghosts, \u00e9 uma cole\u00e7\u00e3o baseada em Portugal de fotografias antigas e hist\u00f3rias modernas, um projeto concebido por Melinda Misuraca, uma escritora norte-americana, e Russell Porcas, um fot\u00f3grafo brit\u00e2nico.<\/p>\n<p>Cri\u00e1mos Fantasma de Papel para compartilhar a nossa fotos da vida di\u00e1ria portuguesa, fotos tiradas h\u00e1 muito tempo por pessoas comuns.  Muitas vezes t\u00e3o pequenas que cabem na palma da m\u00e3o, cada instant\u00e2neo \u00e9 digitalizado e restaurado \u2014 um processo meticuloso de muitas horas \u2014 mantendo a sua integridade original. Para al\u00e9m das nossas submiss\u00f5es fotogr\u00e1ficas trissemanais, publicamos hist\u00f3rias sobre o poder das fotos encontradas e outros achados para assombrar aqueles entre n\u00f3s que ainda respiram.<\/p>\n\n\t\t<\/div>\n\t<\/div>\n<\/div><\/div><\/div><div class=\"wpb_column vc_column_container vc_col-sm-4\"><div class=\"vc_column-inner\"><div class=\"wpb_wrapper\"><div class=\"vcex-image-grid-wrap\"><div class=\"vcex-module vcex-image-grid grid-style-default wpex-row wpex-clr\"><div class=\"id-578 vcex-image-grid-entry vcex-grid-item wpex-text-center span_1_of_2 nr-col col-1\"><figure class=\"vcex-image-grid-entry-figure wpex-last-mb-0 wpex-clr\"><div class=\"vcex-image-grid-entry-img entry-media wpex-relative wpex-mb-20\"><img loading=\"lazy\" class=\"wpex-align-middle\" alt=\"Boy with Baby, Luanda, Angola - circa 1950&#039;s\" decoding=\"async\" src=\"https:\/\/paperghosts.net\/wp-content\/uploads\/2020\/11\/Portugal-298-810x1230.jpg\" srcset=\"https:\/\/paperghosts.net\/wp-content\/uploads\/2020\/11\/Portugal-298-810x1230.jpg 810w, https:\/\/paperghosts.net\/wp-content\/uploads\/2020\/11\/Portugal-298-197x300.jpg 197w, https:\/\/paperghosts.net\/wp-content\/uploads\/2020\/11\/Portugal-298-768x1167.jpg 768w, https:\/\/paperghosts.net\/wp-content\/uploads\/2020\/11\/Portugal-298-674x1024.jpg 674w, https:\/\/paperghosts.net\/wp-content\/uploads\/2020\/11\/Portugal-298-1011x1536.jpg 1011w, https:\/\/paperghosts.net\/wp-content\/uploads\/2020\/11\/Portugal-298-8x12.jpg 8w, https:\/\/paperghosts.net\/wp-content\/uploads\/2020\/11\/Portugal-298-500x760.jpg 500w, https:\/\/paperghosts.net\/wp-content\/uploads\/2020\/11\/Portugal-298.jpg 1316w\" width=\"810\" height=\"1230\"><\/div><\/figure><\/div><div class=\"id-19 vcex-image-grid-entry vcex-grid-item wpex-text-center span_1_of_2 nr-col col-2\"><figure class=\"vcex-image-grid-entry-figure wpex-last-mb-0 wpex-clr\"><div class=\"vcex-image-grid-entry-img entry-media wpex-relative wpex-mb-20\"><img loading=\"lazy\" class=\"wpex-align-middle\" alt=\"Album V: Girl in Window, Porto Santo, Madeira,1934\" decoding=\"async\" src=\"https:\/\/paperghosts.net\/wp-content\/uploads\/2020\/11\/Portugal-6F-810x1230.jpg\" width=\"810\" height=\"1230\"><\/div><\/figure><\/div><\/div><\/div><\/div><\/div><\/div><\/div><div class=\"vc_row wpb_row vc_row-fluid about-intro about-intro-2 vc_row-o-equal-height vc_row-o-content-middle vc_row-flex wpex-relative wpex-vc-has-custom-column-spacing wpex-vc-column-spacing-50\"><div class=\"wpb_column vc_column_container vc_col-sm-4\"><div class=\"vc_column-inner\"><div class=\"wpb_wrapper\">\n\t<div  class=\"wpb_single_image wpb_content_element vc_align_ wpb_content_element\">\n\t\t\n\t\t<figure class=\"wpb_wrapper vc_figure\">\n\t\t\t<div class=\"vc_single_image-wrapper   vc_box_border_grey\"><img width=\"2000\" height=\"1939\" src=\"https:\/\/paperghosts.net\/wp-content\/uploads\/2020\/11\/RM3.jpg\" class=\"vc_single_image-img attachment-full\" alt=\"\" title=\"R&amp;M3\" srcset=\"https:\/\/paperghosts.net\/wp-content\/uploads\/2020\/11\/RM3.jpg 2000w, https:\/\/paperghosts.net\/wp-content\/uploads\/2020\/11\/RM3-300x291.jpg 300w, https:\/\/paperghosts.net\/wp-content\/uploads\/2020\/11\/RM3-768x745.jpg 768w, https:\/\/paperghosts.net\/wp-content\/uploads\/2020\/11\/RM3-1024x993.jpg 1024w, https:\/\/paperghosts.net\/wp-content\/uploads\/2020\/11\/RM3-1536x1489.jpg 1536w, https:\/\/paperghosts.net\/wp-content\/uploads\/2020\/11\/RM3-500x485.jpg 500w\" sizes=\"(max-width: 2000px) 100vw, 2000px\" \/><\/div>\n\t\t<\/figure>\n\t<\/div>\n<\/div><\/div><\/div><div class=\"wpb_column vc_column_container vc_col-sm-8\"><div class=\"vc_column-inner\"><div class=\"wpb_wrapper\">\n\t<div class=\"wpb_text_column wpb_content_element\" >\n\t\t<div class=\"wpb_wrapper\">\n\t\t\t<p>Juntem-se a n\u00f3s para reavivar a nossa fam\u00edlia de achados de papel, vislumbrando as suas marotices do passado e compartilhando o prazer. Digam-nos que hist\u00f3rias acordam em voc\u00eas. E onde quer que se encontrem encalhados nestes dias estranhos e dif\u00edceis, esperamos que seja um lugar cheio de alma onde possam reavivar as vossas qualidades dormentes. Talvez n\u00e3o estejam realmente mortas, mas apenas adormecidas. Que cada um de n\u00f3s acorde os seus deslumbrantes fantasmas e que se reencontre com eles. Desfrutar! <em>Desfrutar!<\/em><\/p>\n<p>Com amor,<br \/>\nMelinda e Russell<\/p>\n\n\t\t<\/div>\n\t<\/div>\n<\/div><\/div><\/div><\/div><div data-vc-parallax=\"1.25\" data-vc-parallax-image=\"https:\/\/paperghosts.net\/wp-content\/uploads\/2020\/11\/PortugalBG1.jpg\" class=\"vc_row wpb_row vc_row-fluid about-crew vc_general vc_parallax vc_parallax-content-moving wpex-vc-full-width-row wpex-vc-full-width-row--centered wpex-relative wpex-vc_row-has-fill wpex-vc-reset-negative-margin wpex-has-overlay wpex-has-overlay--6a04e1a66cb35\" data-ls_id=\"#crew\" tabindex=\"-1\"><div class=\"wpex-bg-overlay-wrap wpex-absolute wpex-inset-0 wpex-rounded-inherit\"><style class=\"wpex-bg-overlay-css\">.wpex-has-overlay--6a04e1a66cb35 > .wpex-bg-overlay-wrap .wpex-bg-overlay{background-color:#ffffff;opacity:0.9;}<\/style><span class=\"wpex-bg-overlay color wpex-absolute wpex-inset-0 wpex-rounded-inherit wpex-duration-500 wpex-opacity-60 wpex-bg-black\"><\/span><\/div><div class=\"wpb_column vc_column_container vc_col-sm-12\"><div class=\"vc_column-inner\"><div class=\"wpb_wrapper\">\n\t<div class=\"wpb_text_column wpb_content_element row-header\" >\n\t\t<div class=\"wpb_wrapper\">\n\t\t\t<h2>A NOSSA EQUIPA<\/h2>\n\n\t\t<\/div>\n\t<\/div>\n<div class=\"vc_row wpb_row vc_inner vc_row-fluid wpex-relative\"><div class=\"wpb_column vc_column_container vc_col-sm-6\"><div class=\"vc_column-inner\"><div class=\"wpb_wrapper\">\n\t<div  class=\"wpb_single_image wpb_content_element vc_align_ wpb_content_element\">\n\t\t\n\t\t<figure class=\"wpb_wrapper vc_figure\">\n\t\t\t<div class=\"vc_single_image-wrapper   vc_box_border_grey\"><img width=\"600\" height=\"850\" src=\"https:\/\/paperghosts.net\/wp-content\/uploads\/2020\/12\/Headshot-Russell-Porcas-1.jpg\" class=\"vc_single_image-img attachment-full\" alt=\"Headshot Russell Porcas\" title=\"Headshot Russell Porcas\" srcset=\"https:\/\/paperghosts.net\/wp-content\/uploads\/2020\/12\/Headshot-Russell-Porcas-1.jpg 600w, https:\/\/paperghosts.net\/wp-content\/uploads\/2020\/12\/Headshot-Russell-Porcas-1-212x300.jpg 212w, https:\/\/paperghosts.net\/wp-content\/uploads\/2020\/12\/Headshot-Russell-Porcas-1-8x12.jpg 8w, https:\/\/paperghosts.net\/wp-content\/uploads\/2020\/12\/Headshot-Russell-Porcas-1-500x708.jpg 500w\" sizes=\"(max-width: 600px) 100vw, 600px\" \/><\/div>\n\t\t<\/figure>\n\t<\/div>\n\n\t<div class=\"wpb_text_column wpb_content_element crew-title\" >\n\t\t<div class=\"wpb_wrapper\">\n\t\t\t<h3>Russell Porcas<\/h3>\n<h6>Fundador e Editor Fotogr\u00e1fico<\/h6>\n\n\t\t<\/div>\n\t<\/div>\n\n\t<div class=\"wpb_text_column wpb_content_element crew-bio\" >\n\t\t<div class=\"wpb_wrapper\">\n\t\t\t<p>O Russell \u00e9 um fot\u00f3grafo ingl\u00eas de publicidade vencedor de v\u00e1rios pr\u00e9mios. Em rapaz trabalhou como assistente da Annie Liebovitz, seguindo-se tr\u00eas d\u00e9cadas \u00e0 procura da foto perfeita, nos \u00faltima \u00e9poca dourada da fotografia anal\u00f3gica. Vive em Portugal.<\/p>\n\n\t\t<\/div>\n\t<\/div>\n<\/div><\/div><\/div><div class=\"wpb_column vc_column_container vc_col-sm-6\"><div class=\"vc_column-inner\"><div class=\"wpb_wrapper\">\n\t<div  class=\"wpb_single_image wpb_content_element vc_align_ wpb_content_element\">\n\t\t\n\t\t<figure class=\"wpb_wrapper vc_figure\">\n\t\t\t<div class=\"vc_single_image-wrapper   vc_box_border_grey\"><img width=\"600\" height=\"850\" src=\"https:\/\/paperghosts.net\/wp-content\/uploads\/2020\/12\/Headshot-Melinda-Misuraca-1.jpg\" class=\"vc_single_image-img attachment-full\" alt=\"Headshot Melinda Misuraca\" title=\"Headshot Melinda Misuraca\" srcset=\"https:\/\/paperghosts.net\/wp-content\/uploads\/2020\/12\/Headshot-Melinda-Misuraca-1.jpg 600w, https:\/\/paperghosts.net\/wp-content\/uploads\/2020\/12\/Headshot-Melinda-Misuraca-1-212x300.jpg 212w, https:\/\/paperghosts.net\/wp-content\/uploads\/2020\/12\/Headshot-Melinda-Misuraca-1-8x12.jpg 8w, https:\/\/paperghosts.net\/wp-content\/uploads\/2020\/12\/Headshot-Melinda-Misuraca-1-500x708.jpg 500w\" sizes=\"(max-width: 600px) 100vw, 600px\" \/><\/div>\n\t\t<\/figure>\n\t<\/div>\n\n\t<div class=\"wpb_text_column wpb_content_element crew-title\" >\n\t\t<div class=\"wpb_wrapper\">\n\t\t\t<h3>Melinda Misuraca<\/h3>\n<h6>Fundadora, Amante Liter\u00e1ria e Diretora Art\u00edstica<\/h6>\n\n\t\t<\/div>\n\t<\/div>\n\n\t<div class=\"wpb_text_column wpb_content_element crew-bio\" >\n\t\t<div class=\"wpb_wrapper\">\n\t\t\t<p>A Melinda \u00e9 escritora, aventureira, feiticeira culin\u00e1ria, podenga fotogr\u00e1fica e fazedora de (quase sempre bons) sarilhos. Vive em Portugal e na Calif\u00f3rnia.<\/p>\n\n\t\t<\/div>\n\t<\/div>\n<\/div><\/div><\/div><\/div><div class=\"vc_row wpb_row vc_inner vc_row-fluid wpex-relative\"><div class=\"wpb_column vc_column_container vc_col-sm-6\"><div class=\"vc_column-inner\"><div class=\"wpb_wrapper\">\n\t<div  class=\"wpb_single_image wpb_content_element vc_align_ wpb_content_element\">\n\t\t\n\t\t<figure class=\"wpb_wrapper vc_figure\">\n\t\t\t<div class=\"vc_single_image-wrapper   vc_box_border_grey\"><img width=\"600\" height=\"850\" src=\"https:\/\/paperghosts.net\/wp-content\/uploads\/2020\/12\/Headshot-Paulo-Abreu-1.jpeg\" class=\"vc_single_image-img attachment-full\" alt=\"Headshot Paulo Abreu\" title=\"Headshot Paulo Abreu\" srcset=\"https:\/\/paperghosts.net\/wp-content\/uploads\/2020\/12\/Headshot-Paulo-Abreu-1.jpeg 600w, https:\/\/paperghosts.net\/wp-content\/uploads\/2020\/12\/Headshot-Paulo-Abreu-1-212x300.jpeg 212w, https:\/\/paperghosts.net\/wp-content\/uploads\/2020\/12\/Headshot-Paulo-Abreu-1-8x12.jpeg 8w, https:\/\/paperghosts.net\/wp-content\/uploads\/2020\/12\/Headshot-Paulo-Abreu-1-500x708.jpeg 500w\" sizes=\"(max-width: 600px) 100vw, 600px\" \/><\/div>\n\t\t<\/figure>\n\t<\/div>\n\n\t<div class=\"wpb_text_column wpb_content_element crew-title\" >\n\t\t<div class=\"wpb_wrapper\">\n\t\t\t<h3>Paulo Abreu<\/h3>\n<h6>Translator<\/h6>\n\n\t\t<\/div>\n\t<\/div>\n\n\t<div class=\"wpb_text_column wpb_content_element crew-bio\" >\n\t\t<div class=\"wpb_wrapper\">\n\t\t\t<p>\u00c9 um f\u00edsico e um motociclista um pouco desastrado. Trabalha no Reino Unido na \u00e1rea de F\u00edsica de Plasmas e adora a frescura das \u00e1guas do Atl\u00e2ntico. Vive em Portugal e no Reino Unido.<\/p>\n\n\t\t<\/div>\n\t<\/div>\n<\/div><\/div><\/div><div class=\"wpb_column vc_column_container vc_col-sm-6\"><div class=\"vc_column-inner\"><div class=\"wpb_wrapper\">\n\t<div  class=\"wpb_single_image wpb_content_element vc_align_ wpb_content_element\">\n\t\t\n\t\t<figure class=\"wpb_wrapper vc_figure\">\n\t\t\t<div class=\"vc_single_image-wrapper   vc_box_border_grey\"><img width=\"600\" height=\"850\" src=\"https:\/\/paperghosts.net\/wp-content\/uploads\/2020\/12\/Headshot-Britta-Szymczak-1.jpg\" class=\"vc_single_image-img attachment-full\" alt=\"Headshot Britta Szymczak\" title=\"Headshot Britta Szymczak\" srcset=\"https:\/\/paperghosts.net\/wp-content\/uploads\/2020\/12\/Headshot-Britta-Szymczak-1.jpg 600w, https:\/\/paperghosts.net\/wp-content\/uploads\/2020\/12\/Headshot-Britta-Szymczak-1-212x300.jpg 212w, https:\/\/paperghosts.net\/wp-content\/uploads\/2020\/12\/Headshot-Britta-Szymczak-1-8x12.jpg 8w, https:\/\/paperghosts.net\/wp-content\/uploads\/2020\/12\/Headshot-Britta-Szymczak-1-500x708.jpg 500w\" sizes=\"(max-width: 600px) 100vw, 600px\" \/><\/div>\n\t\t<\/figure>\n\t<\/div>\n\n\t<div class=\"wpb_text_column wpb_content_element crew-title\" >\n\t\t<div class=\"wpb_wrapper\">\n\t\t\t<h3>Britta Szymczak<\/h3>\n<h6>Translator<\/h6>\n\n\t\t<\/div>\n\t<\/div>\n\n\t<div class=\"wpb_text_column wpb_content_element crew-bio\" >\n\t\t<div class=\"wpb_wrapper\">\n\t\t\t<p>Britta \u00e9 uma m\u00edstica de cora\u00e7\u00e3o, numa vida dedicada a descobrir o que significa ser verdadeiramente humano. Adora ajudar outros companheiros nas aventuras pelas suas paisagens interiores, tenebrosas ou luminosas. Vive em Portugal.<\/p>\n\n\t\t<\/div>\n\t<\/div>\n<\/div><\/div><\/div><\/div><div class=\"vc_row wpb_row vc_inner vc_row-fluid wpex-relative\"><div class=\"wpb_column vc_column_container vc_col-sm-6\"><div class=\"vc_column-inner\"><div class=\"wpb_wrapper\">\n\t<div  class=\"wpb_single_image wpb_content_element vc_align_ wpb_content_element\">\n\t\t\n\t\t<figure class=\"wpb_wrapper vc_figure\">\n\t\t\t<div class=\"vc_single_image-wrapper   vc_box_border_grey\"><img width=\"600\" height=\"850\" src=\"https:\/\/paperghosts.net\/wp-content\/uploads\/2020\/12\/Headshot-Vinicius-Miazaki.jpg\" class=\"vc_single_image-img attachment-full\" alt=\"Headshot Vinicius Miazaki\" title=\"Headshot Vinicius Miazaki\" srcset=\"https:\/\/paperghosts.net\/wp-content\/uploads\/2020\/12\/Headshot-Vinicius-Miazaki.jpg 600w, https:\/\/paperghosts.net\/wp-content\/uploads\/2020\/12\/Headshot-Vinicius-Miazaki-212x300.jpg 212w, https:\/\/paperghosts.net\/wp-content\/uploads\/2020\/12\/Headshot-Vinicius-Miazaki-8x12.jpg 8w, https:\/\/paperghosts.net\/wp-content\/uploads\/2020\/12\/Headshot-Vinicius-Miazaki-500x708.jpg 500w\" sizes=\"(max-width: 600px) 100vw, 600px\" \/><\/div>\n\t\t<\/figure>\n\t<\/div>\n\n\t<div class=\"wpb_text_column wpb_content_element crew-title\" >\n\t\t<div class=\"wpb_wrapper\">\n\t\t\t<h3>Vin\u00edcius Miazaki<\/h3>\n<h6>Web Maestro<\/h6>\n\n\t\t<\/div>\n\t<\/div>\n\n\t<div class=\"wpb_text_column wpb_content_element crew-bio\" >\n\t\t<div class=\"wpb_wrapper\">\n\t\t\t<p>O Vin\u00edcius \u00e9 um web designer e desenvolvedor. Nascido no Brasil em uma fam\u00edlia japonesa, explorar diferentes culturas e aprender novas l\u00ednguas s\u00e3o alguns de seus maiores interesses. Vive na Calif\u00f3rnia.<\/p>\n\n\t\t<\/div>\n\t<\/div>\n<\/div><\/div><\/div><div class=\"wpb_column vc_column_container vc_col-sm-6\"><div class=\"vc_column-inner\"><div class=\"wpb_wrapper\">\n\t<div  class=\"wpb_single_image wpb_content_element vc_align_ wpb_content_element\">\n\t\t\n\t\t<figure class=\"wpb_wrapper vc_figure\">\n\t\t\t<div class=\"vc_single_image-wrapper   vc_box_border_grey\"><img width=\"600\" height=\"850\" src=\"https:\/\/paperghosts.net\/wp-content\/uploads\/2020\/12\/Headshot-David-McConkie-1.jpg\" class=\"vc_single_image-img attachment-full\" alt=\"Headshot David McConkie\" title=\"Headshot David McConkie\" srcset=\"https:\/\/paperghosts.net\/wp-content\/uploads\/2020\/12\/Headshot-David-McConkie-1.jpg 600w, https:\/\/paperghosts.net\/wp-content\/uploads\/2020\/12\/Headshot-David-McConkie-1-212x300.jpg 212w, https:\/\/paperghosts.net\/wp-content\/uploads\/2020\/12\/Headshot-David-McConkie-1-8x12.jpg 8w, https:\/\/paperghosts.net\/wp-content\/uploads\/2020\/12\/Headshot-David-McConkie-1-500x708.jpg 500w\" sizes=\"(max-width: 600px) 100vw, 600px\" \/><\/div>\n\t\t<\/figure>\n\t<\/div>\n\n\t<div class=\"wpb_text_column wpb_content_element crew-title\" >\n\t\t<div class=\"wpb_wrapper\">\n\t\t\t<h3>David McConkie<\/h3>\n<h6>Patrocinador do Projeto<\/h6>\n\n\t\t<\/div>\n\t<\/div>\n\n\t<div class=\"wpb_text_column wpb_content_element crew-bio\" >\n\t\t<div class=\"wpb_wrapper\">\n\t\t\t<p>O David \u00e9 um torneiro, fot\u00f3grafo, guerreiro da justi\u00e7a social, escultor em madeira, pai, e amigo leal que arrancaria a sua pr\u00f3pria pele por ti, se precisasses.<\/p>\n\n\t\t<\/div>\n\t<\/div>\n<\/div><\/div><\/div><\/div><\/div><\/div><\/div><\/div><div class=\"vc_row wpb_row vc_row-fluid about-copyright wpex-vc-full-width-row wpex-vc-full-width-row--centered wpex-relative\" data-ls_id=\"#copyright\" tabindex=\"-1\"><div class=\"wpb_column vc_column_container vc_col-sm-12\"><div class=\"vc_column-inner\"><div class=\"wpb_wrapper\">\n\t<div class=\"wpb_text_column wpb_content_element\" >\n\t\t<div class=\"wpb_wrapper\">\n\t\t\t<h2>Direitos Autorais<\/h2>\n<p>Todas as imagens pertencem a Fantasmas de Papel ou s\u00e3o usadas com permiss\u00e3o. Todas as imagens s\u00e3o editadas por Fantasmas de Papel. Todo o texto tem direitos autorais reservados. Nada neste website pode ser usado sem a permiss\u00e3o de Fantasmas de Papel.<\/p>\n\n\t\t<\/div>\n\t<\/div>\n<\/div><\/div><\/div><\/div>\n<\/div>","protected":false},"excerpt":{"rendered":"","protected":false},"author":3,"featured_media":0,"parent":0,"menu_order":0,"comment_status":"closed","ping_status":"closed","template":"","meta":{"nf_dc_page":"","footnotes":""},"class_list":["post-446","page","type-page","status-publish","hentry","entry","no-media"],"_links":{"self":[{"href":"https:\/\/paperghosts.net\/pt\/wp-json\/wp\/v2\/pages\/446","targetHints":{"allow":["GET"]}}],"collection":[{"href":"https:\/\/paperghosts.net\/pt\/wp-json\/wp\/v2\/pages"}],"about":[{"href":"https:\/\/paperghosts.net\/pt\/wp-json\/wp\/v2\/types\/page"}],"author":[{"embeddable":true,"href":"https:\/\/paperghosts.net\/pt\/wp-json\/wp\/v2\/users\/3"}],"replies":[{"embeddable":true,"href":"https:\/\/paperghosts.net\/pt\/wp-json\/wp\/v2\/comments?post=446"}],"version-history":[{"count":93,"href":"https:\/\/paperghosts.net\/pt\/wp-json\/wp\/v2\/pages\/446\/revisions"}],"predecessor-version":[{"id":1857,"href":"https:\/\/paperghosts.net\/pt\/wp-json\/wp\/v2\/pages\/446\/revisions\/1857"}],"wp:attachment":[{"href":"https:\/\/paperghosts.net\/pt\/wp-json\/wp\/v2\/media?parent=446"}],"curies":[{"name":"wp","href":"https:\/\/api.w.org\/{rel}","templated":true}]}}