{"id":447,"date":"2020-08-16T20:49:44","date_gmt":"2020-08-16T20:49:44","guid":{"rendered":"https:\/\/mypaperghosts.com\/?page_id=20"},"modified":"2021-09-12T18:02:32","modified_gmt":"2021-09-12T18:02:32","slug":"contact","status":"publish","type":"page","link":"https:\/\/paperghosts.net\/pt\/contact\/","title":{"rendered":"Contato"},"content":{"rendered":"<div class=\"wpb-content-wrapper\"><div data-vc-parallax=\"1.5\" data-vc-parallax-image=\"https:\/\/paperghosts.net\/wp-content\/uploads\/2020\/12\/contact-header.jpg\" class=\"vc_row wpb_row vc_row-fluid contact-top-row parallax-large-header vc_row-o-equal-height vc_row-o-content-middle vc_row-flex vc_general vc_parallax vc_parallax-content-moving wpex-vc-full-width-row wpex-vc-full-width-row--centered wpex-relative wpex-vc_row-has-fill wpex-vc-reset-negative-margin wpex-has-overlay wpex-has-overlay--6a045a321a7fc\"><div class=\"wpex-bg-overlay-wrap wpex-absolute wpex-inset-0 wpex-rounded-inherit\"><style class=\"wpex-bg-overlay-css\">.wpex-has-overlay--6a045a321a7fc > .wpex-bg-overlay-wrap .wpex-bg-overlay{background-color:#ffffff;opacity:0.9;}<\/style><span class=\"wpex-bg-overlay color wpex-absolute wpex-inset-0 wpex-rounded-inherit wpex-duration-500 wpex-opacity-60 wpex-bg-black\"><\/span><\/div><div class=\"wpb_column vc_column_container vc_col-sm-6\"><div class=\"vc_column-inner\"><div class=\"wpb_wrapper\">\n\t<div  class=\"wpb_single_image wpb_content_element vc_align_center wpb_content_element\">\n\t\t\n\t\t<figure class=\"wpb_wrapper vc_figure\">\n\t\t\t<div class=\"vc_single_image-wrapper   vc_box_border_grey\"><img width=\"2000\" height=\"1700\" src=\"https:\/\/paperghosts.net\/wp-content\/uploads\/2020\/12\/contact-header.jpg\" class=\"vc_single_image-img attachment-full\" alt=\"Contact Header\" title=\"contact-header\" srcset=\"https:\/\/paperghosts.net\/wp-content\/uploads\/2020\/12\/contact-header.jpg 2000w, https:\/\/paperghosts.net\/wp-content\/uploads\/2020\/12\/contact-header-300x255.jpg 300w, https:\/\/paperghosts.net\/wp-content\/uploads\/2020\/12\/contact-header-768x653.jpg 768w, https:\/\/paperghosts.net\/wp-content\/uploads\/2020\/12\/contact-header-1024x870.jpg 1024w, https:\/\/paperghosts.net\/wp-content\/uploads\/2020\/12\/contact-header-1536x1306.jpg 1536w, https:\/\/paperghosts.net\/wp-content\/uploads\/2020\/12\/contact-header-14x12.jpg 14w, https:\/\/paperghosts.net\/wp-content\/uploads\/2020\/12\/contact-header-500x425.jpg 500w\" sizes=\"(max-width: 2000px) 100vw, 2000px\" \/><\/div>\n\t\t<\/figure>\n\t<\/div>\n<\/div><\/div><\/div><div class=\"wpb_column text-column vc_column_container vc_col-sm-6\"><div class=\"vc_column-inner\"><div class=\"wpb_wrapper\">\n\t<div class=\"wpb_text_column wpb_content_element\" >\n\t\t<div class=\"wpb_wrapper\">\n\t\t\t<h1>Contato<\/h1>\n<h3>\u00d3la!<\/h3>\n<p>Coment\u00e1rios, sugest\u00f5es e sauda\u00e7\u00f5es s\u00e3o sempre bem-vindos.<br \/>\nEscrevam-nos! <a href=\"mailto:info@mypaperghosts.com\">info@mypaperghosts.com<\/a>.<\/p>\n\n\t\t<\/div>\n\t<\/div>\n<div class=\"vcex-social-links vcex-module wpex-flex wpex-flex-wrap wpex-social-btns vcex-social-btns wpex-items-center wpex-gap-5 wpex-last-mr-0\"><a href=\"https:\/\/www.facebook.com\/mypaperghosts\" class=\"vcex-social-links__item wpex-social-btn wpex-social-btn-no-style wpex-facebook\" target=\"_blank\" rel=\"noopener noreferrer\"><span class=\"vcex-social-links__icon wpex-icon\" aria-hidden=\"true\"><svg xmlns=\"http:\/\/www.w3.org\/2000\/svg\" viewbox=\"0 0 512 512\"><path d=\"M512 256C512 114.6 397.4 0 256 0S0 114.6 0 256C0 376 82.7 476.8 194.2 504.5V334.2H141.4V256h52.8V222.3c0-87.1 39.4-127.5 125-127.5c16.2 0 44.2 3.2 55.7 6.4V172c-6-.6-16.5-1-29.6-1c-42 0-58.2 15.9-58.2 57.2V256h83.6l-14.4 78.2H287V510.1C413.8 494.8 512 386.9 512 256h0z\"\/><\/svg><\/span><span class=\"screen-reader-text\">Facebook<\/span><\/a><a href=\"https:\/\/www.instagram.com\/_paper_ghosts_\/\" class=\"vcex-social-links__item wpex-social-btn wpex-social-btn-no-style wpex-instagram\" target=\"_blank\" rel=\"noopener noreferrer\"><span class=\"vcex-social-links__icon wpex-icon\" aria-hidden=\"true\"><svg xmlns=\"http:\/\/www.w3.org\/2000\/svg\" viewbox=\"0 0 448 512\"><path d=\"M224.1 141c-63.6 0-114.9 51.3-114.9 114.9s51.3 114.9 114.9 114.9S339 319.5 339 255.9 287.7 141 224.1 141zm0 189.6c-41.1 0-74.7-33.5-74.7-74.7s33.5-74.7 74.7-74.7 74.7 33.5 74.7 74.7-33.6 74.7-74.7 74.7zm146.4-194.3c0 14.9-12 26.8-26.8 26.8-14.9 0-26.8-12-26.8-26.8s12-26.8 26.8-26.8 26.8 12 26.8 26.8zm76.1 27.2c-1.7-35.9-9.9-67.7-36.2-93.9-26.2-26.2-58-34.4-93.9-36.2-37-2.1-147.9-2.1-184.9 0-35.8 1.7-67.6 9.9-93.9 36.1s-34.4 58-36.2 93.9c-2.1 37-2.1 147.9 0 184.9 1.7 35.9 9.9 67.7 36.2 93.9s58 34.4 93.9 36.2c37 2.1 147.9 2.1 184.9 0 35.9-1.7 67.7-9.9 93.9-36.2 26.2-26.2 34.4-58 36.2-93.9 2.1-37 2.1-147.8 0-184.8zM398.8 388c-7.8 19.6-22.9 34.7-42.6 42.6-29.5 11.7-99.5 9-132.1 9s-102.7 2.6-132.1-9c-19.6-7.8-34.7-22.9-42.6-42.6-11.7-29.5-9-99.5-9-132.1s-2.6-102.7 9-132.1c7.8-19.6 22.9-34.7 42.6-42.6 29.5-11.7 99.5-9 132.1-9s102.7-2.6 132.1 9c19.6 7.8 34.7 22.9 42.6 42.6 11.7 29.5 9 99.5 9 132.1s2.7 102.7-9 132.1z\"\/><\/svg><\/span><span class=\"screen-reader-text\">Instagram<\/span><\/a><a href=\"mailto:&#105;n&#102;o&#064;&#109;ypa&#112;&#101;&#114;&#103;h&#111;st&#115;&#046;&#099;&#111;m\" class=\"vcex-social-links__item wpex-social-btn wpex-social-btn-no-style wpex-email\" target=\"_blank\" rel=\"noopener noreferrer\"><span class=\"vcex-social-links__icon wpex-icon\" aria-hidden=\"true\"><svg xmlns=\"http:\/\/www.w3.org\/2000\/svg\" viewbox=\"0 0 512 512\"><path d=\"M48 64C21.5 64 0 85.5 0 112c0 15.1 7.1 29.3 19.2 38.4L236.8 313.6c11.4 8.5 27 8.5 38.4 0L492.8 150.4c12.1-9.1 19.2-23.3 19.2-38.4c0-26.5-21.5-48-48-48H48zM0 176V384c0 35.3 28.7 64 64 64H448c35.3 0 64-28.7 64-64V176L294.4 339.2c-22.8 17.1-54 17.1-76.8 0L0 176z\"\/><\/svg><\/span><span class=\"screen-reader-text\">Email<\/span><\/a><\/div><\/div><\/div><\/div><\/div><div class=\"vc_row wpb_row vc_row-fluid contact-submit wpex-vc-full-width-row wpex-vc-full-width-row--centered wpex-relative\"><div class=\"wpb_column vc_column_container vc_col-sm-12\"><div class=\"vc_column-inner\"><div class=\"wpb_wrapper\">\n\t<div class=\"wpb_text_column wpb_content_element custom-page-header\" >\n\t\t<div class=\"wpb_wrapper\">\n\t\t\t<h2>SUBMITAM PARA FANTASMAS DE PAPEL!<\/h2>\n\n\t\t<\/div>\n\t<\/div>\n\n\t<div  class=\"wpb_single_image wpb_content_element vc_align_ wpb_content_element\">\n\t\t\n\t\t<figure class=\"wpb_wrapper vc_figure\">\n\t\t\t<div class=\"vc_single_image-wrapper   vc_box_border_grey\"><img width=\"1351\" height=\"2000\" src=\"https:\/\/paperghosts.net\/wp-content\/uploads\/2020\/11\/Portugal-4Fn.jpg\" class=\"vc_single_image-img attachment-full\" alt=\"Laundry Day at the River Douro - Porto, 1939\" title=\"Dia de Lavagem no Rio Douro - Porto, 1939\" srcset=\"https:\/\/paperghosts.net\/wp-content\/uploads\/2020\/11\/Portugal-4Fn.jpg 1351w, https:\/\/paperghosts.net\/wp-content\/uploads\/2020\/11\/Portugal-4Fn-203x300.jpg 203w, https:\/\/paperghosts.net\/wp-content\/uploads\/2020\/11\/Portugal-4Fn-768x1137.jpg 768w, https:\/\/paperghosts.net\/wp-content\/uploads\/2020\/11\/Portugal-4Fn-692x1024.jpg 692w, https:\/\/paperghosts.net\/wp-content\/uploads\/2020\/11\/Portugal-4Fn-1038x1536.jpg 1038w, https:\/\/paperghosts.net\/wp-content\/uploads\/2020\/11\/Portugal-4Fn-500x740.jpg 500w\" sizes=\"(max-width: 1351px) 100vw, 1351px\" \/><\/div>\n\t\t<\/figure>\n\t<\/div>\n\n\t<div class=\"wpb_text_column wpb_content_element text-for-photos\" >\n\t\t<div class=\"wpb_wrapper\">\n\t\t\t<h3>Fotos<\/h3>\n<p>Como um par de c\u00e3es farejadores de trufas, estamos sempre \u00e0 procura do instant\u00e2neo fugidio e esquecido com um cheiro de *algo*. Podemos pedir uma foto emprestada em troca da nossa recupera\u00e7\u00e3o digital meticulosa, e por vezes compramos as que especialmente gostamos. Se tens uma foto que achas que nos pode interessar, envia-nos uma digitaliza\u00e7\u00e3o em baixa resolu\u00e7\u00e3o ou uma foto-da-tua-foto para que possamos dar uma olhada, e pode ser que se encontre limpinha e fazendo uma t\u00edmida v\u00e9nia na nossa galeria.<\/p>\n<p>Fantasmas de Papel cont\u00e9m atualmente fotos antigas feitas por fot\u00f3grafos amadores, mas gostamos e colecionamos fotos antigas de todas as origens e lugares. Mant\u00e9m-te atento a galerias adicionais que v\u00e3o ser inauguradas num futuro pr\u00f3ximo. E se desejas envolver-te na arte de colecionar, editar e apresentar fotos antigas, colaboradores s\u00e3o bem vindos\/as!<\/p>\n<h3>Instant\u00e2neas<\/h3>\n<p>Estamos \u00e0 procura de hist\u00f3rias singulares, bem escritas, extravagantes, de qualquer parte do mundo, inspiradas por fotografias antigas e vernaculares ou outros objetos particulares. Apreciamos especialmente hist\u00f3rias sobre encontros com fotos antigas, cartas, material impresso ou outros objetos abandonados \u2014 como tomaram vida e se tornaram numa carga de problemas. Problemas bons ou maus, estamos interessados em saber mais.<\/p>\n<p>Embora apreciemos um certo tipo de conto bem oleado que nos leva para o passado \u2014 um trago cheio de genealogia, hist\u00f3ria, e outros que tais \u2014, somos especialmente atra\u00eddos pelos escritos curiosos e traquinas de viajantes deste universo que n\u00e3o estejam presos aos limites do espa\u00e7o e tempo. Hist\u00f3rias que desenhem uma mo\u00e7a roli\u00e7a debru\u00e7ada dum parapeito de pedra em 1939 da mesma forma que uma mi\u00fada moderna lendo as mensagens no seu telem\u00f3vel em 2020. Somos todos apenas deslumbrantes peda\u00e7os de carne viajando pela vida, deixando para tr\u00e1s pouco mais que peda\u00e7os de ossos e papel. Prepara a cena para os teus pr\u00f3prios fantasmas de papel e conta-nos o teu conto.<\/p>\n<p>De momento, pagamos uns modestos $50 por cada hist\u00f3ria, mais uma impress\u00e3o de alta resolu\u00e7\u00e3o de 13 x 18 cm de uma foto \u00e0 tua escolha do nosso arquivo, assim como a satisfa\u00e7\u00e3o de teres a tua pe\u00e7a publicada tanto em ingl\u00eas como em portugu\u00eas, e ilustrada com uma ou duas fotos do nosso arquivo. Envia-nos uma curta mensagem com o resumo da tua hist\u00f3ria ou uma vers\u00e3o completa at\u00e9 1500 palavras.<\/p>\n\n\t\t<\/div>\n\t<\/div>\n<\/div><\/div><\/div><\/div><div class=\"vc_row wpb_row vc_row-fluid contact-bottom wpex-relative\"><div class=\"wpb_column vc_column_container vc_col-sm-12\"><div class=\"vc_column-inner\"><div class=\"wpb_wrapper\">\n\t<div class=\"wpb_text_column wpb_content_element\" >\n\t\t<div class=\"wpb_wrapper\">\n\t\t\t<p>Para quaisquer coment\u00e1rios, perguntas, submiss\u00f5es, ou se queres apenas enviar-nos um pouco de amor, podes encontrar-nos em\u00a0<a href=\"mailto:info@mypaperghosts.com\">info@mypaperghosts.com<\/a><\/p>\n\n\t\t<\/div>\n\t<\/div>\n<\/div><\/div><\/div><\/div><div class=\"vc_row wpb_row vc_row-fluid wpex-relative\"><div class=\"wpb_column vc_column_container vc_col-sm-12\"><div class=\"vc_column-inner\"><div class=\"wpb_wrapper\"><div class=\"templatera_shortcode\"><div class=\"vc_row wpb_row vc_row-fluid shop-cta wpex-relative\"><div class=\"wpb_column vc_column_container vc_col-sm-12\"><div class=\"vc_column-inner\"><div class=\"wpb_wrapper\">\n\t<div  class=\"wpb_single_image wpb_content_element vc_align_center wpb_content_element\">\n\t\t\n\t\t<figure class=\"wpb_wrapper vc_figure\">\n\t\t\t<div class=\"vc_single_image-wrapper   vc_box_border_grey\"><img width=\"512\" height=\"512\" src=\"https:\/\/paperghosts.net\/wp-content\/uploads\/2020\/12\/etsy-icon.png\" class=\"vc_single_image-img attachment-full\" alt=\"\" title=\"etsy-icon\" srcset=\"https:\/\/paperghosts.net\/wp-content\/uploads\/2020\/12\/etsy-icon.png 512w, https:\/\/paperghosts.net\/wp-content\/uploads\/2020\/12\/etsy-icon-150x150.png 150w, https:\/\/paperghosts.net\/wp-content\/uploads\/2020\/12\/etsy-icon-300x300.png 300w, https:\/\/paperghosts.net\/wp-content\/uploads\/2020\/12\/etsy-icon-12x12.png 12w, https:\/\/paperghosts.net\/wp-content\/uploads\/2020\/12\/etsy-icon-500x500.png 500w\" sizes=\"(max-width: 512px) 100vw, 512px\" \/><\/div>\n\t\t<\/figure>\n\t<\/div>\n\n\t<div class=\"wpb_text_column wpb_content_element\" >\n\t\t<div class=\"wpb_wrapper\">\n\t\t\t<h3>Quer convidar um fantasma de papel favorito para jantar?<\/h3>\n<p>Impress\u00f5es de fotos, cart\u00f5es postais e outros doces para seus olhos chegar\u00e3o em breve na nossa loja Etsy, que abrir\u00e1 em breve! Fique ligado!<\/p>\n\n\t\t<\/div>\n\t<\/div>\n<\/div><\/div><\/div><\/div><\/div><\/div><\/div><\/div><\/div>\n<\/div>","protected":false},"excerpt":{"rendered":"Contact \u00d3la! We welcome your comments, suggestions and salutations. Send us a note anytime! info@mypaperghosts.com. FacebookInstagramEmail SUBMIT TO PAPER GHOSTS! Photos Like a pair of truffle hounds, we\u2019re constantly sniffing for the elusive, cast-off snapshot that holds a certain *something*.\u00a0 We often borrow a photo in exchange for our meticulous digital restoration, and sometimes purchase&hellip;","protected":false},"author":3,"featured_media":0,"parent":0,"menu_order":0,"comment_status":"closed","ping_status":"closed","template":"","meta":{"nf_dc_page":"","footnotes":""},"class_list":["post-447","page","type-page","status-publish","hentry","entry","no-media"],"_links":{"self":[{"href":"https:\/\/paperghosts.net\/pt\/wp-json\/wp\/v2\/pages\/447","targetHints":{"allow":["GET"]}}],"collection":[{"href":"https:\/\/paperghosts.net\/pt\/wp-json\/wp\/v2\/pages"}],"about":[{"href":"https:\/\/paperghosts.net\/pt\/wp-json\/wp\/v2\/types\/page"}],"author":[{"embeddable":true,"href":"https:\/\/paperghosts.net\/pt\/wp-json\/wp\/v2\/users\/3"}],"replies":[{"embeddable":true,"href":"https:\/\/paperghosts.net\/pt\/wp-json\/wp\/v2\/comments?post=447"}],"version-history":[{"count":67,"href":"https:\/\/paperghosts.net\/pt\/wp-json\/wp\/v2\/pages\/447\/revisions"}],"predecessor-version":[{"id":1500,"href":"https:\/\/paperghosts.net\/pt\/wp-json\/wp\/v2\/pages\/447\/revisions\/1500"}],"wp:attachment":[{"href":"https:\/\/paperghosts.net\/pt\/wp-json\/wp\/v2\/media?parent=447"}],"curies":[{"name":"wp","href":"https:\/\/api.w.org\/{rel}","templated":true}]}}