{"id":602,"date":"2020-11-26T14:36:15","date_gmt":"2020-11-26T14:36:15","guid":{"rendered":"https:\/\/mypaperghosts.com\/?page_id=602"},"modified":"2021-09-12T18:02:34","modified_gmt":"2021-09-12T18:02:34","slug":"privacy-policy","status":"publish","type":"page","link":"https:\/\/paperghosts.net\/pt\/privacy-policy\/","title":{"rendered":"Pol\u00edtica de Privacidade"},"content":{"rendered":"<div class=\"wpb-content-wrapper\"><div class=\"vc_row wpb_row vc_row-fluid privacy-policy-page wpex-relative\"><div class=\"wpb_column vc_column_container vc_col-sm-12\"><div class=\"vc_column-inner\"><div class=\"wpb_wrapper\">\n\t<div class=\"wpb_text_column wpb_content_element\" >\n\t\t<div class=\"wpb_wrapper\">\n\t\t\t<h1>Pol\u00edtica de Privacidade<\/h1>\n<p>Paper Ghosts opera o <a href=\"\/pt\/\">mypaperghosts.com<\/a> website. <span style=\"font-family: -apple-system, BlinkMacSystemFont, 'Segoe UI', Roboto, Helvetica, Arial, sans-serif, 'Apple Color Emoji', 'Segoe UI Emoji', 'Segoe UI Symbol';\">Esta p\u00e1gina \u00e9 usada para informar os visitantes do site sobre nossas pol\u00edticas de coleta, uso e divulga\u00e7\u00e3o de Informa\u00e7\u00f5es Pessoais, caso algu\u00e9m decida usar nosso Servi\u00e7o, o site Paper Ghosts.<\/span><\/p>\n<h3>Coleta e uso de informa\u00e7\u00f5es<\/h3>\n<p>Para uma melhor experi\u00eancia ao usar nosso Servi\u00e7o, podemos exigir que voc\u00ea nos forne\u00e7a certas informa\u00e7\u00f5es de identifica\u00e7\u00e3o pessoal, incluindo, mas n\u00e3o se limitando a seu nome, n\u00famero de telefone e endere\u00e7o postal. As informa\u00e7\u00f5es que coletamos ser\u00e3o usadas para contat\u00e1-lo ou identific\u00e1-lo.<\/p>\n<h3>Dados de registro<\/h3>\n<p>Queremos informar que sempre que voc\u00ea visita nosso Servi\u00e7o, coletamos informa\u00e7\u00f5es que seu navegador nos envia, chamadas de Log Data. Esses dados de registro podem incluir informa\u00e7\u00f5es como o endere\u00e7o do protocolo da Internet (\"IP\") do seu computador, a vers\u00e3o do navegador, as p\u00e1ginas do nosso servi\u00e7o que voc\u00ea visita, a hora e a data da sua visita, o tempo gasto nessas p\u00e1ginas e outras estat\u00edsticas.<\/p>\n<h3>Cookies<\/h3>\n<p>Cookies s\u00e3o arquivos com uma pequena quantidade de dados que normalmente \u00e9 usado como um identificador exclusivo an\u00f4nimo. Eles s\u00e3o enviados para o seu navegador a partir do site que voc\u00ea visita e s\u00e3o armazenados no disco r\u00edgido do seu computador.<\/p>\n<p>Nosso site usa esses \u201ccookies\u201d para coletar informa\u00e7\u00f5es e melhorar nosso servi\u00e7o. Voc\u00ea tem a op\u00e7\u00e3o de aceitar ou recusar esses cookies e saber quando um cookie est\u00e1 sendo enviado ao seu computador. Se voc\u00ea optar por recusar nossos cookies, talvez n\u00e3o consiga usar algumas partes do nosso Servi\u00e7o.<\/p>\n<p>Para obter mais informa\u00e7\u00f5es gerais sobre cookies, leia <a href=\"https:\/\/www.cookieconsent.com\/what-are-cookies\/\" rel=\"noopener\">&#8220;What Are Cookies&#8221;<\/a>.<\/p>\n<h3>Provedores de servi\u00e7o<\/h3>\n<p>Podemos empregar empresas terceirizadas e indiv\u00edduos pelos seguintes motivos:<\/p>\n<ul>\n<li>Para facilitar nosso servi\u00e7o;<\/li>\n<li>Para fornecer o Servi\u00e7o em nosso nome;<\/li>\n<li>Para executar servi\u00e7os relacionados com o servi\u00e7o; ou<\/li>\n<li>Para nos ajudar a analisar como nosso Servi\u00e7o \u00e9 usado.<\/li>\n<\/ul>\n<p>Queremos informar aos usu\u00e1rios do nosso servi\u00e7o que esses terceiros t\u00eam acesso \u00e0s suas informa\u00e7\u00f5es pessoais. O motivo \u00e9 realizar as tarefas atribu\u00eddas a eles em nosso nome. No entanto, eles s\u00e3o obrigados a n\u00e3o divulgar ou usar as informa\u00e7\u00f5es para qualquer outra finalidade.<\/p>\n<h3>Seguran\u00e7a<\/h3>\n<p>Valorizamos sua confian\u00e7a em nos fornecer suas informa\u00e7\u00f5es pessoais, portanto, estamos nos empenhando para usar meios comercialmente aceit\u00e1veis de proteg\u00ea-las. Mas lembre-se que nenhum m\u00e9todo de transmiss\u00e3o pela internet, ou m\u00e9todo de armazenamento eletr\u00f4nico \u00e9 100% seguro e confi\u00e1vel, e n\u00e3o podemos garantir sua seguran\u00e7a absoluta.<\/p>\n<h3>Links para outros sites<\/h3>\n<p>Nosso servi\u00e7o pode conter links para outros sites. Se voc\u00ea clicar em um link de terceiros, voc\u00ea ser\u00e1 direcionado a esse site. Observe que esses sites externos n\u00e3o s\u00e3o operados por n\u00f3s. Portanto, recomendamos fortemente que voc\u00ea reveja a Pol\u00edtica de Privacidade desses sites. N\u00e3o temos controle e n\u00e3o assumimos responsabilidade pelo conte\u00fado, pol\u00edticas de privacidade ou pr\u00e1ticas de quaisquer sites ou servi\u00e7os de terceiros.<\/p>\n<h3>Privacidade das crian\u00e7as<\/h3>\n<p>Nossos Servi\u00e7os n\u00e3o se dirigem a ningu\u00e9m com idade inferior a 13 anos. N\u00e3o coletamos intencionalmente informa\u00e7\u00f5es de identifica\u00e7\u00e3o pessoal de crian\u00e7as menores de 13 anos. No caso de descobrirmos que uma crian\u00e7a menor de 13 anos nos forneceu informa\u00e7\u00f5es pessoais, as exclu\u00edmos imediatamente de nossos servidores. Se voc\u00ea \u00e9 um pai ou respons\u00e1vel e est\u00e1 ciente de que seu filho nos forneceu informa\u00e7\u00f5es pessoais, entre em contato para que possamos tomar as medidas necess\u00e1rias.<\/p>\n<h3>Mudan\u00e7as nesta Pol\u00edtica de Privacidade<\/h3>\n<p>Podemos atualizar nossa Pol\u00edtica de Privacidade de tempos em tempos. Assim, aconselhamos voc\u00ea a revisar esta p\u00e1gina periodicamente para quaisquer altera\u00e7\u00f5es. Iremos notific\u00e1-lo de quaisquer altera\u00e7\u00f5es, publicando a nova Pol\u00edtica de Privacidade nesta p\u00e1gina. Essas altera\u00e7\u00f5es entram em vigor imediatamente, ap\u00f3s serem publicadas nesta p\u00e1gina.<\/p>\n<h3>Contate-Nos<\/h3>\n<p>Se voc\u00ea tiver alguma d\u00favida ou sugest\u00e3o sobre nossa Pol\u00edtica de Privacidade, n\u00e3o hesite em nos contatar em <a href=\"mailto:info@paperghosts.com\">info@paperghosts.com<\/a>.<\/p>\n\n\t\t<\/div>\n\t<\/div>\n<\/div><\/div><\/div><\/div>\n<\/div>","protected":false},"excerpt":{"rendered":"Privacy Policy Paper Ghosts operates the mypaperghosts.com website. This page is used to inform website visitors regarding our policies with the collection, use, and disclosure of Personal Information if anyone decided to use our Service, the Paper Ghosts website. Information Collection and Use For a better experience while using our Service, we may require you&hellip;","protected":false},"author":3,"featured_media":0,"parent":0,"menu_order":0,"comment_status":"closed","ping_status":"closed","template":"","meta":{"nf_dc_page":"","footnotes":""},"class_list":["post-602","page","type-page","status-publish","hentry","entry","no-media"],"_links":{"self":[{"href":"https:\/\/paperghosts.net\/pt\/wp-json\/wp\/v2\/pages\/602","targetHints":{"allow":["GET"]}}],"collection":[{"href":"https:\/\/paperghosts.net\/pt\/wp-json\/wp\/v2\/pages"}],"about":[{"href":"https:\/\/paperghosts.net\/pt\/wp-json\/wp\/v2\/types\/page"}],"author":[{"embeddable":true,"href":"https:\/\/paperghosts.net\/pt\/wp-json\/wp\/v2\/users\/3"}],"replies":[{"embeddable":true,"href":"https:\/\/paperghosts.net\/pt\/wp-json\/wp\/v2\/comments?post=602"}],"version-history":[{"count":5,"href":"https:\/\/paperghosts.net\/pt\/wp-json\/wp\/v2\/pages\/602\/revisions"}],"predecessor-version":[{"id":640,"href":"https:\/\/paperghosts.net\/pt\/wp-json\/wp\/v2\/pages\/602\/revisions\/640"}],"wp:attachment":[{"href":"https:\/\/paperghosts.net\/pt\/wp-json\/wp\/v2\/media?parent=602"}],"curies":[{"name":"wp","href":"https:\/\/api.w.org\/{rel}","templated":true}]}}