{"id":641,"date":"2020-11-26T16:25:13","date_gmt":"2020-11-26T16:25:13","guid":{"rendered":"https:\/\/mypaperghosts.com\/?page_id=641"},"modified":"2021-09-12T18:02:32","modified_gmt":"2021-09-12T18:02:32","slug":"copyright","status":"publish","type":"page","link":"https:\/\/paperghosts.net\/pt\/copyright\/","title":{"rendered":"Direitos Autorais"},"content":{"rendered":"<div class=\"wpb-content-wrapper\"><div class=\"vc_row wpb_row vc_row-fluid wpex-relative\"><div class=\"wpb_column vc_column_container vc_col-sm-12\"><div class=\"vc_column-inner\"><div class=\"wpb_wrapper\">\n\t<div class=\"wpb_text_column wpb_content_element\" >\n\t\t<div class=\"wpb_wrapper\">\n\t\t\t<h1>Direitos Autorais<\/h1>\n<p>Todas as imagens pertencem a Fantasmas de Papel ou s\u00e3o usadas com permiss\u00e3o. Todas as imagens s\u00e3o editadas por Fantasmas de Papel. Todo o texto tem direitos autorais reservados. Nada neste website pode ser usado sem a permiss\u00e3o de Fantasmas de Papel.<\/p>\n\n\t\t<\/div>\n\t<\/div>\n<\/div><\/div><\/div><\/div>\n<\/div>","protected":false},"excerpt":{"rendered":"Copyright All content on this site is copyrighted by Paper Ghosts. All images are owned by us or used with permission, and all are edited by Paper Ghosts. All writing is copyrighted by the individual authors. Nothing on this website may be used without the written permission of Paper Ghosts. Please ask! Chances are we\u2019ll&hellip;","protected":false},"author":3,"featured_media":0,"parent":0,"menu_order":0,"comment_status":"closed","ping_status":"closed","template":"","meta":{"nf_dc_page":"","footnotes":""},"class_list":["post-641","page","type-page","status-publish","hentry","entry","no-media"],"_links":{"self":[{"href":"https:\/\/paperghosts.net\/pt\/wp-json\/wp\/v2\/pages\/641","targetHints":{"allow":["GET"]}}],"collection":[{"href":"https:\/\/paperghosts.net\/pt\/wp-json\/wp\/v2\/pages"}],"about":[{"href":"https:\/\/paperghosts.net\/pt\/wp-json\/wp\/v2\/types\/page"}],"author":[{"embeddable":true,"href":"https:\/\/paperghosts.net\/pt\/wp-json\/wp\/v2\/users\/3"}],"replies":[{"embeddable":true,"href":"https:\/\/paperghosts.net\/pt\/wp-json\/wp\/v2\/comments?post=641"}],"version-history":[{"count":1,"href":"https:\/\/paperghosts.net\/pt\/wp-json\/wp\/v2\/pages\/641\/revisions"}],"predecessor-version":[{"id":642,"href":"https:\/\/paperghosts.net\/pt\/wp-json\/wp\/v2\/pages\/641\/revisions\/642"}],"wp:attachment":[{"href":"https:\/\/paperghosts.net\/pt\/wp-json\/wp\/v2\/media?parent=641"}],"curies":[{"name":"wp","href":"https:\/\/api.w.org\/{rel}","templated":true}]}}